{"id":1127,"date":"2025-03-04T08:13:43","date_gmt":"2025-03-04T13:13:43","guid":{"rendered":"https:\/\/www.sitech-ec.ca\/notre-politique\/"},"modified":"2025-11-05T14:08:40","modified_gmt":"2025-11-05T19:08:40","slug":"notre-politique","status":"publish","type":"page","link":"https:\/\/www.sitech-ec.ca\/fr\/a-propos\/notre-politique\/","title":{"rendered":"Notre politique"},"content":{"rendered":"<h2>Note d\u2019orientation et objectif<\/h2>\n<p>SITECH Est Canada Lt\u00e9e. s\u2019engage \u00e0 se distinguer par un service \u00e0 la client\u00e8le, une disponibilit\u00e9 et des connaissances exceptionnels, tout en adoptant les technologies disponibles et futures. Notre mission est d\u2019offrir une exp\u00e9rience client sup\u00e9rieure, d\u2019am\u00e9liorer les activit\u00e9s commerciales d\u2019aujourd\u2019hui et d\u2019\u00e9tablir des partenariats fondamentaux pour le succ\u00e8s futur. Nous visons \u00e0 \u00eatre le premier choix sur les march\u00e9s que nous desservons, en nous concentrant sur nos produits de base tels que l\u2019arpentage de construction, la technologie 3D, l\u2019utilisation des m\u00e9tadonn\u00e9es et la location d\u2019\u00e9quipement. Nos valeurs comprennent l\u2019int\u00e9grit\u00e9, l\u2019ouverture, la fiert\u00e9, le respect, la d\u00e9termination, l\u2019engagement, le plaisir et l\u2019esprit de comp\u00e9tition.   <\/p>\n<h2>Port\u00e9e<\/h2>\n<p>Cette politique s\u2019applique \u00e0 SITECH Est Canada Lt\u00e9e., \u00e0 ses filiales, ainsi qu\u2019\u00e0 ses fournisseurs et partenaires.<\/p>\n<h2>\u00c9l\u00e9ments de la politique<\/h2>\n<p>Notre entreprise s\u2019efforce de respecter les normes d\u2019\u00e9thique et de professionnalisme les plus \u00e9lev\u00e9es, englobant deux domaines cl\u00e9s&nbsp;: la conformit\u00e9 et la proactivit\u00e9. La conformit\u00e9 implique le respect des lois, des politiques internes et le maintien de la transparence dans les partenariats et les collaborations. La proactivit\u00e9 implique la promotion des droits de la personne, l\u2019aide aux communaut\u00e9s et la protection de l\u2019environnement.  <\/p>\n<h2>Conformit\u00e9<\/h2>\n<h3>L\u00e9galit\u00e9<\/h3>\n<ul>\n<li>Respecter la loi<\/li>\n<li>Respecter les politiques internes<\/li>\n<li>S\u2019assurer que toutes les op\u00e9rations commerciales sont l\u00e9gitimes<\/li>\n<li>Maintenir des partenariats et des collaborations ouverts et transparents<\/li>\n<\/ul>\n<h3>\u00c9thique des affaires<\/h3>\n<ul>\n<li>Mener des affaires avec int\u00e9grit\u00e9 et respect des droits de la personne<\/li>\n<li>Promouvoir la s\u00e9curit\u00e9 et les pratiques commerciales \u00e9quitables<\/li>\n<li>Faire preuve de respect envers les consommateurs<\/li>\n<li>Maintenir des pratiques de lutte contre la corruption et les pots-de-vin<\/li>\n<\/ul>\n<h2>Exemples de responsabilit\u00e9 sociale des entreprises<\/h2>\n<h3>Protection de l\u2019environnement<\/h3>\n<ul>\n<li>Suivre les meilleures pratiques en mati\u00e8re de surveillance des \u00e9missions de carbone, de recyclage des piles et des bombes a\u00e9rosol, d\u2019\u00e9limination des d\u00e9chets et d\u2019utilisation des substances chimiques<\/li>\n<li>Promouvoir la technologie automatis\u00e9e et guid\u00e9e de Trimble afin d\u2019accro\u00eetre l\u2019efficacit\u00e9 et la productivit\u00e9, r\u00e9duisant ainsi l\u2019impact environnemental<\/li>\n<\/ul>\n<h3>Protection des personnes<\/h3>\n<ul>\n<li>Prioriser la sant\u00e9 et la s\u00e9curit\u00e9 des employ\u00e9s et de la communaut\u00e9<\/li>\n<li>Soutenir la diversit\u00e9 et l\u2019inclusion<\/li>\n<li>Offrir une formation continue en mati\u00e8re de s\u00e9curit\u00e9 aux employ\u00e9s et aux clients<\/li>\n<\/ul>\n<h3>Droits de la personne<\/h3>\n<ul>\n<li>S\u2019engager \u00e0 assurer l\u2019\u00e9galit\u00e9 des chances en mati\u00e8re d\u2019emploi et des pratiques de travail \u00e9quitables<\/li>\n<li>S\u2019assurer que les activit\u00e9s ne violent pas les droits de la personne dans aucun pays<\/li>\n<\/ul>\n<h2>Proactivit\u00e9<\/h2>\n<h3>Pr\u00e9servation de l\u2019environnement<\/h3>\n<ul>\n<li>Mettre en \u0153uvre des programmes de recyclage et de gestion des d\u00e9chets<\/li>\n<li>Adopter des syst\u00e8mes de gestion des eaux us\u00e9es<\/li>\n<li>Utiliser des technologies respectueuses de l\u2019environnement<\/li>\n<li>Faire la transition des v\u00e9hicules de vente et de service vers des options hybrides afin de r\u00e9duire les \u00e9missions de GES<\/li>\n<\/ul>\n<h3>\u00c9ducation<\/h3>\n<ul>\n<li>Investir dans la recherche et le d\u00e9veloppement afin d\u2019am\u00e9liorer la formation, les op\u00e9rations et la technologie<\/li>\n<li>Encourager les suggestions et les id\u00e9es afin de favoriser l\u2019am\u00e9lioration continue<\/li>\n<\/ul>\n","protected":false},"excerpt":{"rendered":"<p>Note d\u2019orientation et objectif SITECH Est Canada Lt\u00e9e. s\u2019engage \u00e0 se distinguer par un service \u00e0 la client\u00e8le, une disponibilit\u00e9 et des connaissances exceptionnels, tout en adoptant les technologies disponibles et futures. Notre mission est d\u2019offrir une exp\u00e9rience client sup\u00e9rieure, d\u2019am\u00e9liorer les activit\u00e9s commerciales d\u2019aujourd\u2019hui et d\u2019\u00e9tablir des partenariats fondamentaux pour le succ\u00e8s futur. Nous [&#8230;]<\/p>\n<p><a class=\"btn btn-secondary understrap-read-more-link\" href=\"https:\/\/www.sitech-ec.ca\/fr\/a-propos\/notre-politique\/\">Read More&#8230;<span class=\"screen-reader-text\"> from Notre politique<\/span><\/a><\/p>\n","protected":false},"author":1,"featured_media":0,"parent":1237,"menu_order":0,"comment_status":"closed","ping_status":"closed","template":"page-templates\/fullwidthpage.php","meta":{"_acf_changed":false,"footnotes":""},"class_list":["post-1127","page","type-page","status-publish","hentry"],"acf":[],"_links":{"self":[{"href":"https:\/\/www.sitech-ec.ca\/fr\/wp-json\/wp\/v2\/pages\/1127","targetHints":{"allow":["GET"]}}],"collection":[{"href":"https:\/\/www.sitech-ec.ca\/fr\/wp-json\/wp\/v2\/pages"}],"about":[{"href":"https:\/\/www.sitech-ec.ca\/fr\/wp-json\/wp\/v2\/types\/page"}],"author":[{"embeddable":true,"href":"https:\/\/www.sitech-ec.ca\/fr\/wp-json\/wp\/v2\/users\/1"}],"replies":[{"embeddable":true,"href":"https:\/\/www.sitech-ec.ca\/fr\/wp-json\/wp\/v2\/comments?post=1127"}],"version-history":[{"count":0,"href":"https:\/\/www.sitech-ec.ca\/fr\/wp-json\/wp\/v2\/pages\/1127\/revisions"}],"up":[{"embeddable":true,"href":"https:\/\/www.sitech-ec.ca\/fr\/wp-json\/wp\/v2\/pages\/1237"}],"wp:attachment":[{"href":"https:\/\/www.sitech-ec.ca\/fr\/wp-json\/wp\/v2\/media?parent=1127"}],"curies":[{"name":"wp","href":"https:\/\/api.w.org\/{rel}","templated":true}]}}