{"id":1134,"date":"2025-03-04T09:20:58","date_gmt":"2025-03-04T14:20:58","guid":{"rendered":"https:\/\/www.sitech-ec.ca\/composants-de-convoyeur\/"},"modified":"2025-11-05T14:08:23","modified_gmt":"2025-11-05T19:08:23","slug":"composants-de-convoyeur","status":"publish","type":"page","link":"https:\/\/www.sitech-ec.ca\/fr\/solutions\/pieces-dagregats\/composants-de-convoyeur\/","title":{"rendered":"Composants de convoyeur"},"content":{"rendered":"<p>Rouleaux porteurs, galets et bo\u00eetiers, poulies et tambours \u2013 nous proposons des composants de convoyeur pour maintenir votre exploitation en mouvement !<\/p>\n<p>Nous pouvons vous aider \u00e0 maintenir tous vos convoyeurs et empileurs en parfait \u00e9tat gr\u00e2ce \u00e0 une gamme compl\u00e8te de composants de qualit\u00e9 de PPI. Des rouleaux de rechange aux stations de rouleaux compl\u00e8tes, poulies motrices, tendeurs, PPI fabrique tout.<\/p>\n<p><img loading=\"lazy\" decoding=\"async\" class=\"alignnone size-full wp-image-707\" src=\"https:\/\/www.sitech-ec.ca\/wp-content\/uploads\/2025\/08\/1.jpg\" alt=\"1\" width=\"753\" height=\"502\"><\/p>\n<p><img loading=\"lazy\" decoding=\"async\" class=\"alignnone size-full wp-image-709\" src=\"https:\/\/www.sitech-ec.ca\/wp-content\/uploads\/2025\/08\/ppi.jpg\" alt=\"ppi\" width=\"754\" height=\"279\"><\/p>\n<p>Nous proposons des services de regarniture, de regarniture par points et de regarniture par glissement pour maintenir vos entra\u00eenements \u00e0 leur efficacit\u00e9 maximale.<\/p>\n<p><img loading=\"lazy\" decoding=\"async\" class=\"alignnone size-full wp-image-711\" src=\"https:\/\/www.sitech-ec.ca\/wp-content\/uploads\/2025\/08\/tires.jpg\" alt=\"pneus\" width=\"660\" height=\"278\"><\/p>\n<p>Nous avons toujours en stock les agrafes et outils FLEXCO les plus courants pour les \u00e9pissures ou r\u00e9parations d&rsquo;urgence.<\/p>\n<p><img loading=\"lazy\" decoding=\"async\" class=\"alignnone size-full wp-image-712\" src=\"https:\/\/www.sitech-ec.ca\/wp-content\/uploads\/2025\/08\/flexco.jpg\" alt=\"flexco\" width=\"752\" height=\"280\"><\/p>\n<p>Toujours en stock \u2013 bavettes en caoutchouc \u2013 bavettes en ur\u00e9thane \u2013 protection de rail en caoutchouc \u2013 protection de rail en ur\u00e9thane \u2013 racleurs en ur\u00e9thane \u2013<\/p>\n<p><img loading=\"lazy\" decoding=\"async\" class=\"alignnone size-full wp-image-713\" src=\"https:\/\/www.sitech-ec.ca\/wp-content\/uploads\/2025\/08\/rubber.jpg\" alt=\"caoutchouc\" width=\"300\" height=\"225\"><\/p>\n","protected":false},"excerpt":{"rendered":"<p>Rouleaux porteurs, galets et bo\u00eetiers, poulies et tambours \u2013 nous proposons des composants de convoyeur pour maintenir votre exploitation en mouvement ! Nous pouvons vous aider \u00e0 maintenir tous vos convoyeurs et empileurs en parfait \u00e9tat gr\u00e2ce \u00e0 une gamme compl\u00e8te de composants de qualit\u00e9 de PPI. Des rouleaux de rechange aux stations de rouleaux [&#8230;]<\/p>\n<p><a class=\"btn btn-secondary understrap-read-more-link\" href=\"https:\/\/www.sitech-ec.ca\/fr\/solutions\/pieces-dagregats\/composants-de-convoyeur\/\">Read More&#8230;<span class=\"screen-reader-text\"> from Composants de convoyeur<\/span><\/a><\/p>\n","protected":false},"author":1,"featured_media":0,"parent":1213,"menu_order":0,"comment_status":"closed","ping_status":"closed","template":"page-templates\/fullwidthpage.php","meta":{"_acf_changed":false,"footnotes":""},"class_list":["post-1134","page","type-page","status-publish","hentry"],"acf":[],"_links":{"self":[{"href":"https:\/\/www.sitech-ec.ca\/fr\/wp-json\/wp\/v2\/pages\/1134","targetHints":{"allow":["GET"]}}],"collection":[{"href":"https:\/\/www.sitech-ec.ca\/fr\/wp-json\/wp\/v2\/pages"}],"about":[{"href":"https:\/\/www.sitech-ec.ca\/fr\/wp-json\/wp\/v2\/types\/page"}],"author":[{"embeddable":true,"href":"https:\/\/www.sitech-ec.ca\/fr\/wp-json\/wp\/v2\/users\/1"}],"replies":[{"embeddable":true,"href":"https:\/\/www.sitech-ec.ca\/fr\/wp-json\/wp\/v2\/comments?post=1134"}],"version-history":[{"count":0,"href":"https:\/\/www.sitech-ec.ca\/fr\/wp-json\/wp\/v2\/pages\/1134\/revisions"}],"up":[{"embeddable":true,"href":"https:\/\/www.sitech-ec.ca\/fr\/wp-json\/wp\/v2\/pages\/1213"}],"wp:attachment":[{"href":"https:\/\/www.sitech-ec.ca\/fr\/wp-json\/wp\/v2\/media?parent=1134"}],"curies":[{"name":"wp","href":"https:\/\/api.w.org\/{rel}","templated":true}]}}