{"id":1168,"date":"2025-03-04T09:19:34","date_gmt":"2025-03-04T14:19:34","guid":{"rendered":"https:\/\/www.sitech-ec.ca\/pieces-de-concasseur\/"},"modified":"2025-11-05T14:08:23","modified_gmt":"2025-11-05T19:08:23","slug":"pieces-de-concasseur","status":"publish","type":"page","link":"https:\/\/www.sitech-ec.ca\/fr\/solutions\/pieces-dagregats\/pieces-de-concasseur\/","title":{"rendered":"Pi\u00e8ces de concasseur"},"content":{"rendered":"<p><img loading=\"lazy\" decoding=\"async\" class=\"alignnone size-full wp-image-699\" src=\"https:\/\/www.sitech-ec.ca\/wp-content\/uploads\/2025\/08\/crusher.jpg\" alt=\"concasseur\" width=\"300\" height=\"400\"><img loading=\"lazy\" decoding=\"async\" class=\"alignnone size-full wp-image-700\" src=\"https:\/\/www.sitech-ec.ca\/wp-content\/uploads\/2025\/08\/crusher-2.jpg\" alt=\"concasseur-2\" width=\"300\" height=\"400\"><\/p>\n<p>Pi\u00e8ces d\u2019usure de concasseur en mangan\u00e8se et en chrome \u00e0 haute teneur<\/p>\n<p>SITECH dispose d\u2019un vaste inventaire de pi\u00e8ces d\u2019usure pour toutes les marques et mod\u00e8les de concasseurs fixes et mobiles populaires, y compris :<\/p>\n<ul>\n<li>Concasseurs \u00e0 m\u00e2choires<\/li>\n<li>Concasseurs \u00e0 c\u00f4ne<\/li>\n<li>Barres de soufflage<\/li>\n<\/ul>\n<p>Demandez \u00e0 votre repr\u00e9sentant de service SITECH de vous recommander la bonne qualit\u00e9 de mangan\u00e8se et la bonne conception de motif pour votre mat\u00e9riau et votre application.<\/p>\n<p>Composants disponibles pour :<\/p>\n<p>PIONEER \u2013 CEDAR RAPIDS \u2013 EL-JAY \u2013 SYMONS \u2013 KLEEMAN REIMER \u2013 TELSMITH \u2013 McCLOSKEY \u2013 LIPPMAN \u2013 PEGSON \u2013 et bien d\u2019autres.<\/p>\n<p>Renseignez-vous sur notre programme d\u2019exp\u00e9dition directe de la fonderie.<\/p>\n<p>Nous traitons avec des fonderies du monde entier pour vous aider \u00e0 rester op\u00e9rationnel.<\/p>\n","protected":false},"excerpt":{"rendered":"<p>Pi\u00e8ces d\u2019usure de concasseur en mangan\u00e8se et en chrome \u00e0 haute teneur SITECH dispose d\u2019un vaste inventaire de pi\u00e8ces d\u2019usure pour toutes les marques et mod\u00e8les de concasseurs fixes et mobiles populaires, y compris : Concasseurs \u00e0 m\u00e2choires Concasseurs \u00e0 c\u00f4ne Barres de soufflage Demandez \u00e0 votre repr\u00e9sentant de service SITECH de vous recommander la [&#8230;]<\/p>\n<p><a class=\"btn btn-secondary understrap-read-more-link\" href=\"https:\/\/www.sitech-ec.ca\/fr\/solutions\/pieces-dagregats\/pieces-de-concasseur\/\">Read More&#8230;<span class=\"screen-reader-text\"> from Pi\u00e8ces de concasseur<\/span><\/a><\/p>\n","protected":false},"author":1,"featured_media":0,"parent":1213,"menu_order":0,"comment_status":"closed","ping_status":"closed","template":"page-templates\/fullwidthpage.php","meta":{"_acf_changed":false,"footnotes":""},"class_list":["post-1168","page","type-page","status-publish","hentry"],"acf":[],"_links":{"self":[{"href":"https:\/\/www.sitech-ec.ca\/fr\/wp-json\/wp\/v2\/pages\/1168","targetHints":{"allow":["GET"]}}],"collection":[{"href":"https:\/\/www.sitech-ec.ca\/fr\/wp-json\/wp\/v2\/pages"}],"about":[{"href":"https:\/\/www.sitech-ec.ca\/fr\/wp-json\/wp\/v2\/types\/page"}],"author":[{"embeddable":true,"href":"https:\/\/www.sitech-ec.ca\/fr\/wp-json\/wp\/v2\/users\/1"}],"replies":[{"embeddable":true,"href":"https:\/\/www.sitech-ec.ca\/fr\/wp-json\/wp\/v2\/comments?post=1168"}],"version-history":[{"count":0,"href":"https:\/\/www.sitech-ec.ca\/fr\/wp-json\/wp\/v2\/pages\/1168\/revisions"}],"up":[{"embeddable":true,"href":"https:\/\/www.sitech-ec.ca\/fr\/wp-json\/wp\/v2\/pages\/1213"}],"wp:attachment":[{"href":"https:\/\/www.sitech-ec.ca\/fr\/wp-json\/wp\/v2\/media?parent=1168"}],"curies":[{"name":"wp","href":"https:\/\/api.w.org\/{rel}","templated":true}]}}