{"id":1188,"date":"2025-03-04T08:21:34","date_gmt":"2025-03-04T13:21:34","guid":{"rendered":"https:\/\/www.sitech-ec.ca\/conception-et-construction-virtuelles-ccv\/"},"modified":"2025-11-18T10:30:26","modified_gmt":"2025-11-18T15:30:26","slug":"conception-et-construction-virtuelles-ccv","status":"publish","type":"page","link":"https:\/\/www.sitech-ec.ca\/fr\/service-soutien-formation\/conception-et-construction-virtuelles-ccv\/","title":{"rendered":"Conception et construction virtuelles (CCV)"},"content":{"rendered":"<h2>Qu&rsquo;est-ce que la conception et la construction virtuelles de SITECH ?<\/h2>\n<p>La Conception et Construction Virtuelles de SITECH Est Canada Lt\u00e9e. travaillera avec et pour les clients pour livrer des projets cl\u00e9s en main ou des services \u00e0 long terme en planification de construction, ing\u00e9nierie, op\u00e9rations, maintenance et transfert de projet.<\/p>\n<h2>Comment franchissons-nous la prochaine \u00e9tape avec vous ?<\/h2>\n<p>La Conception et Construction Virtuelles propos\u00e9es par SITECH Est Canada Lt\u00e9e. sera la premi\u00e8re solution de chantier de construction au Canada \u00e0 offrir \u00e0 nos clients une vari\u00e9t\u00e9 de services au-del\u00e0 des portefeuilles de vente de mat\u00e9riel et de logiciels technologiques. De nos jours, les clients cherchent \u00e0 s&rsquo;associer \u00e0 des entreprises qui peuvent travailler avec eux ou pour eux afin de r\u00e9soudre des probl\u00e8mes et\/ou de fournir des connaissances ou des rapports commerciaux.<\/p>\n<p>La Conception et Construction Virtuelles de SITECH Est Canada Lt\u00e9e. adoptera une approche \u00ab Faisons-le ensemble \u00bb ou \u00ab Faisons-le pour vous \u00bb afin d&rsquo;aider les clients \u00e0 comprendre leur intelligence d&rsquo;affaires, ou \u00e0 rendre compte et agir sur leurs indicateurs cl\u00e9s de performance. La Conception et Construction Virtuelles suivra le processus Collecter-Analyser-Agir-Rapporter tout en donnant aux clients un aper\u00e7u pr\u00e9cieux de leur intelligence d&rsquo;affaires, de leurs forces et de leurs faiblesses.<\/p>\n<h2>Que propose la conception et la construction virtuelles ?<\/h2>\n<p>La Conception et Construction Virtuelles sera propos\u00e9e dans le cadre de la Division des Mines et des Projets Sp\u00e9ciaux de SITECH Est Canada Lt\u00e9e. Nos offres de Conception et Construction Virtuelles incluront, sans s&rsquo;y limiter, les services suivants :<\/p>\n","protected":false},"excerpt":{"rendered":"<p>Qu&rsquo;est-ce que la conception et la construction virtuelles de SITECH ? La Conception et Construction Virtuelles de SITECH Est Canada Lt\u00e9e. travaillera avec et pour les clients pour livrer des projets cl\u00e9s en main ou des services \u00e0 long terme en planification de construction, ing\u00e9nierie, op\u00e9rations, maintenance et transfert de projet. Comment franchissons-nous la prochaine [&#8230;]<\/p>\n<p><a class=\"btn btn-secondary understrap-read-more-link\" href=\"https:\/\/www.sitech-ec.ca\/fr\/service-soutien-formation\/conception-et-construction-virtuelles-ccv\/\">Read More&#8230;<span class=\"screen-reader-text\"> from Conception et construction virtuelles (CCV)<\/span><\/a><\/p>\n","protected":false},"author":1,"featured_media":0,"parent":1235,"menu_order":0,"comment_status":"closed","ping_status":"closed","template":"template-flexible.php","meta":{"_acf_changed":false,"footnotes":""},"class_list":["post-1188","page","type-page","status-publish","hentry"],"acf":[],"_links":{"self":[{"href":"https:\/\/www.sitech-ec.ca\/fr\/wp-json\/wp\/v2\/pages\/1188","targetHints":{"allow":["GET"]}}],"collection":[{"href":"https:\/\/www.sitech-ec.ca\/fr\/wp-json\/wp\/v2\/pages"}],"about":[{"href":"https:\/\/www.sitech-ec.ca\/fr\/wp-json\/wp\/v2\/types\/page"}],"author":[{"embeddable":true,"href":"https:\/\/www.sitech-ec.ca\/fr\/wp-json\/wp\/v2\/users\/1"}],"replies":[{"embeddable":true,"href":"https:\/\/www.sitech-ec.ca\/fr\/wp-json\/wp\/v2\/comments?post=1188"}],"version-history":[{"count":0,"href":"https:\/\/www.sitech-ec.ca\/fr\/wp-json\/wp\/v2\/pages\/1188\/revisions"}],"up":[{"embeddable":true,"href":"https:\/\/www.sitech-ec.ca\/fr\/wp-json\/wp\/v2\/pages\/1235"}],"wp:attachment":[{"href":"https:\/\/www.sitech-ec.ca\/fr\/wp-json\/wp\/v2\/media?parent=1188"}],"curies":[{"name":"wp","href":"https:\/\/api.w.org\/{rel}","templated":true}]}}