{"id":1191,"date":"2025-03-04T08:24:48","date_gmt":"2025-03-04T13:24:48","guid":{"rendered":"https:\/\/www.sitech-ec.ca\/nouvelles-evenements-promotions\/"},"modified":"2025-11-14T10:28:35","modified_gmt":"2025-11-14T15:28:35","slug":"nouvelles-evenements-promotions","status":"publish","type":"page","link":"https:\/\/www.sitech-ec.ca\/fr\/nouvelles-evenements-promotions\/","title":{"rendered":"Nouvelles, \u00e9v\u00e9nements, promotions"},"content":{"rendered":"<h3>Page en construction<\/h3>\n<div class=\"paragraph-in-scc-markdown-text ___1ngh792 ftgm304 f1iaxwol\">Nous travaillons actuellement sur cette section pour vous apporter les informations les plus r\u00e9centes et pertinentes. Veuillez revenir bient\u00f4t pour les mises \u00e0 jour.<\/div>\n<div class=\"paragraph-in-scc-markdown-text ___1ngh792 ftgm304 f1iaxwol\">En attendant, si vous avez des questions ou besoin d&rsquo;aide, n&rsquo;h\u00e9sitez pas \u00e0 contacter SITECH Est Canada Lt\u00e9e. directement.<\/div>\n","protected":false},"excerpt":{"rendered":"<p>Page en construction Nous travaillons actuellement sur cette section pour vous apporter les informations les plus r\u00e9centes et pertinentes. Veuillez revenir bient\u00f4t pour les mises \u00e0 jour. En attendant, si vous avez des questions ou besoin d&rsquo;aide, n&rsquo;h\u00e9sitez pas \u00e0 contacter SITECH Est Canada Lt\u00e9e. directement. [&#8230;]<\/p>\n<p><a class=\"btn btn-secondary understrap-read-more-link\" href=\"https:\/\/www.sitech-ec.ca\/fr\/nouvelles-evenements-promotions\/\">Read More&#8230;<span class=\"screen-reader-text\"> from Nouvelles, \u00e9v\u00e9nements, promotions<\/span><\/a><\/p>\n","protected":false},"author":1,"featured_media":0,"parent":0,"menu_order":0,"comment_status":"closed","ping_status":"closed","template":"page-templates\/fullwidthpage.php","meta":{"_acf_changed":false,"footnotes":""},"class_list":["post-1191","page","type-page","status-publish","hentry"],"acf":[],"_links":{"self":[{"href":"https:\/\/www.sitech-ec.ca\/fr\/wp-json\/wp\/v2\/pages\/1191","targetHints":{"allow":["GET"]}}],"collection":[{"href":"https:\/\/www.sitech-ec.ca\/fr\/wp-json\/wp\/v2\/pages"}],"about":[{"href":"https:\/\/www.sitech-ec.ca\/fr\/wp-json\/wp\/v2\/types\/page"}],"author":[{"embeddable":true,"href":"https:\/\/www.sitech-ec.ca\/fr\/wp-json\/wp\/v2\/users\/1"}],"replies":[{"embeddable":true,"href":"https:\/\/www.sitech-ec.ca\/fr\/wp-json\/wp\/v2\/comments?post=1191"}],"version-history":[{"count":0,"href":"https:\/\/www.sitech-ec.ca\/fr\/wp-json\/wp\/v2\/pages\/1191\/revisions"}],"wp:attachment":[{"href":"https:\/\/www.sitech-ec.ca\/fr\/wp-json\/wp\/v2\/media?parent=1191"}],"curies":[{"name":"wp","href":"https:\/\/api.w.org\/{rel}","templated":true}]}}