{"id":1211,"date":"2025-03-04T08:17:11","date_gmt":"2025-03-04T13:17:11","guid":{"rendered":"https:\/\/www.sitech-ec.ca\/reseaux-mailles-cinetiques-rajant\/"},"modified":"2025-11-05T14:08:58","modified_gmt":"2025-11-05T19:08:58","slug":"reseaux-mailles-cinetiques-rajant","status":"publish","type":"page","link":"https:\/\/www.sitech-ec.ca\/fr\/solutions\/reseaux-mailles-cinetiques-rajant\/","title":{"rendered":"R\u00e9seaux maill\u00e9s cin\u00e9tiques Rajant"},"content":{"rendered":"<p>SITECH Est Canada Lt\u00e9e. est un <em>partenaire de r\u00e9seau maill\u00e9 cin\u00e9tique<\/em> avec la soci\u00e9t\u00e9 Rajant<em>.<\/em> Dans notre monde ax\u00e9 sur la technologie, les mines et les chantiers de construction peuvent tirer d&rsquo;\u00e9normes avantages d&rsquo;un r\u00e9seau sans fil fiable et \u00e9volutif. Rajant est le leader dans cette technologie et SITECH Est Canada Lt\u00e9e. est fi\u00e8re d&rsquo;en \u00eatre partenaire.<\/p>\n<p>La soci\u00e9t\u00e9 Rajant \u2013 le <strong>fournisseur pionnier de solutions sans fil multifr\u00e9quences omnipr\u00e9sentes<\/strong> \u2013 transforme la fa\u00e7on dont le monde utilise l&rsquo;infrastructure mobile en donnant vie \u00e0 des <strong>r\u00e9seaux agiles, \u00e9volutifs et hautement performants<\/strong> qui connectent les divers environnements dans lesquels ils op\u00e8rent aujourd&rsquo;hui.<\/p>\n<p>Pour plus d&rsquo;informations sur les r\u00e9seaux maill\u00e9s cin\u00e9tiques Rajant et leurs avantages pour votre entreprise, cliquez sur le logo Rajant KMP ci-dessous ou contactez SITECH Est Canada Lt\u00e9e.<\/p>\n<p><iframe loading=\"lazy\" title=\"Lecteur vid\u00e9o YouTube\" src=\"https:\/\/www.youtube.com\/embed\/Q3h0bfi-DzU?si=5WJmV5oD9SYzAvuF\" width=\"100%\" height=\"450\" frameborder=\"0\" allowfullscreen=\"allowfullscreen\"><span data-mce-type=\"bookmark\" style=\"display: inline-block; width: 0px; overflow: hidden; line-height: 0;\" class=\"mce_SELRES_start\"><\/span><\/iframe><\/p>\n","protected":false},"excerpt":{"rendered":"<p>SITECH Est Canada Lt\u00e9e. est un partenaire de r\u00e9seau maill\u00e9 cin\u00e9tique avec la soci\u00e9t\u00e9 Rajant. Dans notre monde ax\u00e9 sur la technologie, les mines et les chantiers de construction peuvent tirer d&rsquo;\u00e9normes avantages d&rsquo;un r\u00e9seau sans fil fiable et \u00e9volutif. Rajant est le leader dans cette technologie et SITECH Est Canada Lt\u00e9e. est fi\u00e8re d&rsquo;en [&#8230;]<\/p>\n<p><a class=\"btn btn-secondary understrap-read-more-link\" href=\"https:\/\/www.sitech-ec.ca\/fr\/solutions\/reseaux-mailles-cinetiques-rajant\/\">Read More&#8230;<span class=\"screen-reader-text\"> from R\u00e9seaux maill\u00e9s cin\u00e9tiques Rajant<\/span><\/a><\/p>\n","protected":false},"author":1,"featured_media":0,"parent":1271,"menu_order":0,"comment_status":"closed","ping_status":"closed","template":"page-templates\/fullwidthpage.php","meta":{"_acf_changed":false,"footnotes":""},"class_list":["post-1211","page","type-page","status-publish","hentry"],"acf":[],"_links":{"self":[{"href":"https:\/\/www.sitech-ec.ca\/fr\/wp-json\/wp\/v2\/pages\/1211","targetHints":{"allow":["GET"]}}],"collection":[{"href":"https:\/\/www.sitech-ec.ca\/fr\/wp-json\/wp\/v2\/pages"}],"about":[{"href":"https:\/\/www.sitech-ec.ca\/fr\/wp-json\/wp\/v2\/types\/page"}],"author":[{"embeddable":true,"href":"https:\/\/www.sitech-ec.ca\/fr\/wp-json\/wp\/v2\/users\/1"}],"replies":[{"embeddable":true,"href":"https:\/\/www.sitech-ec.ca\/fr\/wp-json\/wp\/v2\/comments?post=1211"}],"version-history":[{"count":0,"href":"https:\/\/www.sitech-ec.ca\/fr\/wp-json\/wp\/v2\/pages\/1211\/revisions"}],"up":[{"embeddable":true,"href":"https:\/\/www.sitech-ec.ca\/fr\/wp-json\/wp\/v2\/pages\/1271"}],"wp:attachment":[{"href":"https:\/\/www.sitech-ec.ca\/fr\/wp-json\/wp\/v2\/media?parent=1211"}],"curies":[{"name":"wp","href":"https:\/\/api.w.org\/{rel}","templated":true}]}}