{"id":1239,"date":"2025-03-04T08:16:45","date_gmt":"2025-03-04T13:16:45","guid":{"rendered":"https:\/\/www.sitech-ec.ca\/lasers-de-precision-spectra\/"},"modified":"2025-11-05T14:08:58","modified_gmt":"2025-11-05T19:08:58","slug":"lasers-de-precision-spectra","status":"publish","type":"page","link":"https:\/\/www.sitech-ec.ca\/fr\/solutions\/lasers-de-precision-spectra\/","title":{"rendered":"Lasers de pr\u00e9cision Spectra"},"content":{"rendered":"<p>Spectra Precision, une division de Trimble, fabrique les solutions de lasers de construction de la plus haute qualit\u00e9 au monde. SITECH Est Canada Lt\u00e9e. maintient en stock une grande vari\u00e9t\u00e9 de lasers Spectra, de niveaux automatiques et d&rsquo;instruments optiques ainsi que des pi\u00e8ces de rechange et des accessoires pour r\u00e9pondre \u00e0 vos besoins. Nos techniciens de service d&rsquo;atelier sont enti\u00e8rement form\u00e9s et qualifi\u00e9s pour r\u00e9parer et calibrer les instruments Spectra. Pour en savoir plus sur Spectra Precision et comment leurs solutions peuvent aider votre entreprise, cliquez sur le lien ci-dessous ou contactez SITECH Est Canada Lt\u00e9e.<\/p>\n<p>Le lien ci-dessous vous dirigera vers le catalogue d&rsquo;outils de construction Spectra Precision o\u00f9 vous pourrez consulter les sp\u00e9cifications des produits et d&rsquo;autres informations utiles sur les excellents produits Spectra que nous distribuons.<\/p>\n<p><a href=\"https:\/\/cdntoromontsites.azureedge.net\/sitech-silvertop-prod\/docs\/librariesprovider2\/default-document-library\/spectra-precision-laser-cataloge.pdf?sfvrsn=7b66e831_0\" target=\"_blank\" rel=\"noopener\">T\u00e9l\u00e9charger le PDF<\/a><\/p>\n<p><img loading=\"lazy\" decoding=\"async\" class=\"alignnone size-full wp-image-456\" src=\"https:\/\/www.sitech-ec.ca\/wp-content\/uploads\/2025\/07\/spectra-dl-pdf.jpg\" alt=\"spectra-dl-pdf\" width=\"738\" height=\"777\"><\/p>\n","protected":false},"excerpt":{"rendered":"<p>Spectra Precision, une division de Trimble, fabrique les solutions de lasers de construction de la plus haute qualit\u00e9 au monde. SITECH Est Canada Lt\u00e9e. maintient en stock une grande vari\u00e9t\u00e9 de lasers Spectra, de niveaux automatiques et d&rsquo;instruments optiques ainsi que des pi\u00e8ces de rechange et des accessoires pour r\u00e9pondre \u00e0 vos besoins. Nos techniciens [&#8230;]<\/p>\n<p><a class=\"btn btn-secondary understrap-read-more-link\" href=\"https:\/\/www.sitech-ec.ca\/fr\/solutions\/lasers-de-precision-spectra\/\">Read More&#8230;<span class=\"screen-reader-text\"> from Lasers de pr\u00e9cision Spectra<\/span><\/a><\/p>\n","protected":false},"author":1,"featured_media":0,"parent":1271,"menu_order":0,"comment_status":"closed","ping_status":"closed","template":"page-templates\/fullwidthpage.php","meta":{"_acf_changed":false,"footnotes":""},"class_list":["post-1239","page","type-page","status-publish","hentry"],"acf":[],"_links":{"self":[{"href":"https:\/\/www.sitech-ec.ca\/fr\/wp-json\/wp\/v2\/pages\/1239","targetHints":{"allow":["GET"]}}],"collection":[{"href":"https:\/\/www.sitech-ec.ca\/fr\/wp-json\/wp\/v2\/pages"}],"about":[{"href":"https:\/\/www.sitech-ec.ca\/fr\/wp-json\/wp\/v2\/types\/page"}],"author":[{"embeddable":true,"href":"https:\/\/www.sitech-ec.ca\/fr\/wp-json\/wp\/v2\/users\/1"}],"replies":[{"embeddable":true,"href":"https:\/\/www.sitech-ec.ca\/fr\/wp-json\/wp\/v2\/comments?post=1239"}],"version-history":[{"count":0,"href":"https:\/\/www.sitech-ec.ca\/fr\/wp-json\/wp\/v2\/pages\/1239\/revisions"}],"up":[{"embeddable":true,"href":"https:\/\/www.sitech-ec.ca\/fr\/wp-json\/wp\/v2\/pages\/1271"}],"wp:attachment":[{"href":"https:\/\/www.sitech-ec.ca\/fr\/wp-json\/wp\/v2\/media?parent=1239"}],"curies":[{"name":"wp","href":"https:\/\/api.w.org\/{rel}","templated":true}]}}