{"id":1267,"date":"2025-03-04T08:16:31","date_gmt":"2025-03-04T13:16:31","guid":{"rendered":"https:\/\/www.sitech-ec.ca\/drones\/"},"modified":"2025-11-05T14:08:58","modified_gmt":"2025-11-05T19:08:58","slug":"drones","status":"publish","type":"page","link":"https:\/\/www.sitech-ec.ca\/fr\/solutions\/drones\/","title":{"rendered":"Drones"},"content":{"rendered":"<p><img loading=\"lazy\" decoding=\"async\" class=\"alignnone size-full wp-image-452\" src=\"https:\/\/www.sitech-ec.ca\/wp-content\/uploads\/2025\/07\/wingtra-drone.jpg\" alt=\"drone-wingtra\" width=\"700\" height=\"450\"><\/p>\n<p>Wingtra est le premier fabricant de drones VTOL (d\u00e9collage et atterrissage vertical), sp\u00e9cialis\u00e9 dans les applications de relev\u00e9s et de cartographie a\u00e9riens, dont les avantages sont particuli\u00e8rement importants dans l&rsquo;industrie de la construction. Ces drones \u00e0 la pointe de la technologie sont \u00e9quip\u00e9s de fonctionnalit\u00e9s avanc\u00e9es pour r\u00e9pondre aux besoins sp\u00e9cifiques des professionnels de la construction.<\/p>\n<p>Le VTOL (d\u00e9collage et atterrissage vertical) de Wingtra fait r\u00e9f\u00e9rence \u00e0 la capacit\u00e9 unique du produit phare de Wingtra, le drone WingtraOne Gen II. Le WingtraOne est un RPAS (syst\u00e8me d&rsquo;a\u00e9ronef t\u00e9l\u00e9pilot\u00e9) \u00e0 voilure fixe capable de d\u00e9coller et d&rsquo;atterrir verticalement, combinant les avantages des a\u00e9ronefs multirotor et \u00e0 voilure fixe.<\/p>\n<h2>Voici comment fonctionne le syst\u00e8me VTOL de Wingtra :<\/h2>\n<ul>\n<li><strong>D\u00e9collage vertical :<\/strong> Le WingtraOne commence sa mission en d\u00e9collant verticalement, comme un drone quadricopt\u00e8re traditionnel. Cela permet au drone de d\u00e9coller depuis des espaces restreints sans n\u00e9cessiter de piste ou de catapulte.<\/li>\n<li><strong>Transition vers le vol horizontal :<\/strong> Une fois que le WingtraOne atteint une altitude s\u00e9curitaire, il passe en douceur du vol vertical au vol horizontal en inclinant ses ailes. Cette transition permet au drone de fonctionner plus efficacement en mode vol horizontal, couvrant de grandes distances \u00e0 des vitesses plus \u00e9lev\u00e9es.<\/li>\n<li><strong>Cartographie \u00e0 voilure fixe :<\/strong> Pendant la phase de vol horizontal, le WingtraOne suit un plan de vol pr\u00e9d\u00e9fini pour cartographier efficacement la zone cible. En tant qu&rsquo;a\u00e9ronef \u00e0 voilure fixe, il peut atteindre des temps de vol plus longs et couvrir des zones plus \u00e9tendues par rapport aux drones multirotor classiques.<\/li>\n<li><strong>Atterrissage vertical :<\/strong> Apr\u00e8s avoir termin\u00e9 sa mission, le WingtraOne repasse en mode vol vertical pour l&rsquo;atterrissage. Il descend verticalement jusqu&rsquo;au sol, assurant un atterrissage contr\u00f4l\u00e9 et pr\u00e9cis m\u00eame dans des espaces restreints ou sur des terrains difficiles.<\/li>\n<\/ul>\n<h2>La capacit\u00e9 VTOL de Wingtra offre plusieurs avantages par rapport aux drones traditionnels \u00e0 voilure fixe ou multirotor :<\/h2>\n<ul>\n<li><strong>Couverture efficace :<\/strong> La transition vers le vol \u00e0 voilure fixe permet au WingtraOne de couvrir de plus grandes surfaces en un seul vol, ce qui le rend id\u00e9al pour la cartographie et l&rsquo;arpentage de vastes \u00e9tendues de terrain.<\/li>\n<li><strong>Longue endurance :<\/strong> La conception \u00e0 voilure fixe permet au drone de voler pendant de longues p\u00e9riodes, offrant plus de temps de vol et r\u00e9duisant le besoin de changements fr\u00e9quents de batterie pendant les missions.<\/li>\n<li><strong>Polyvalence :<\/strong> La capacit\u00e9 de d\u00e9coller et d&rsquo;atterrir verticalement donne au WingtraOne la flexibilit\u00e9 n\u00e9cessaire pour op\u00e9rer dans des zones \u00e0 espace limit\u00e9, le rendant adapt\u00e9 \u00e0 diverses industries et applications.<\/li>\n<li><strong>Cartographie pr\u00e9cise :<\/strong> La combinaison de la capacit\u00e9 VTOL et des capteurs de haute qualit\u00e9 assure une capture de donn\u00e9es et un g\u00e9or\u00e9f\u00e9rencement pr\u00e9cis, essentiels pour les projets professionnels de cartographie et d&rsquo;arpentage.<\/li>\n<\/ul>\n<p><iframe loading=\"lazy\" title=\"Lecteur vid\u00e9o YouTube\" src=\"https:\/\/www.youtube.com\/embed\/yfC0NWmHDw0?si=m3hTIfAsC7xLVQ9w\" width=\"100%\" height=\"450\" frameborder=\"0\" allowfullscreen=\"allowfullscreen\"><span data-mce-type=\"bookmark\" style=\"display: inline-block; width: 0px; overflow: hidden; line-height: 0;\" class=\"mce_SELRES_start\"><\/span><\/iframe><\/p>\n","protected":false},"excerpt":{"rendered":"<p>Wingtra est le premier fabricant de drones VTOL (d\u00e9collage et atterrissage vertical), sp\u00e9cialis\u00e9 dans les applications de relev\u00e9s et de cartographie a\u00e9riens, dont les avantages sont particuli\u00e8rement importants dans l&rsquo;industrie de la construction. Ces drones \u00e0 la pointe de la technologie sont \u00e9quip\u00e9s de fonctionnalit\u00e9s avanc\u00e9es pour r\u00e9pondre aux besoins sp\u00e9cifiques des professionnels de la [&#8230;]<\/p>\n<p><a class=\"btn btn-secondary understrap-read-more-link\" href=\"https:\/\/www.sitech-ec.ca\/fr\/solutions\/drones\/\">Read More&#8230;<span class=\"screen-reader-text\"> from Drones<\/span><\/a><\/p>\n","protected":false},"author":1,"featured_media":0,"parent":1271,"menu_order":0,"comment_status":"closed","ping_status":"closed","template":"page-templates\/fullwidthpage.php","meta":{"_acf_changed":false,"footnotes":""},"class_list":["post-1267","page","type-page","status-publish","hentry"],"acf":[],"_links":{"self":[{"href":"https:\/\/www.sitech-ec.ca\/fr\/wp-json\/wp\/v2\/pages\/1267","targetHints":{"allow":["GET"]}}],"collection":[{"href":"https:\/\/www.sitech-ec.ca\/fr\/wp-json\/wp\/v2\/pages"}],"about":[{"href":"https:\/\/www.sitech-ec.ca\/fr\/wp-json\/wp\/v2\/types\/page"}],"author":[{"embeddable":true,"href":"https:\/\/www.sitech-ec.ca\/fr\/wp-json\/wp\/v2\/users\/1"}],"replies":[{"embeddable":true,"href":"https:\/\/www.sitech-ec.ca\/fr\/wp-json\/wp\/v2\/comments?post=1267"}],"version-history":[{"count":0,"href":"https:\/\/www.sitech-ec.ca\/fr\/wp-json\/wp\/v2\/pages\/1267\/revisions"}],"up":[{"embeddable":true,"href":"https:\/\/www.sitech-ec.ca\/fr\/wp-json\/wp\/v2\/pages\/1271"}],"wp:attachment":[{"href":"https:\/\/www.sitech-ec.ca\/fr\/wp-json\/wp\/v2\/media?parent=1267"}],"curies":[{"name":"wp","href":"https:\/\/api.w.org\/{rel}","templated":true}]}}